{"id":355,"date":"2025-12-18T11:24:11","date_gmt":"2025-12-18T11:24:11","guid":{"rendered":"http:\/\/fort-de-tancremont.be\/?page_id=355"},"modified":"2026-01-12T09:13:47","modified_gmt":"2026-01-12T09:13:47","slug":"shop","status":"publish","type":"page","link":"https:\/\/fort-de-tancremont.be\/de\/shop\/","title":{"rendered":"Shop"},"content":{"rendered":"<div data-elementor-type=\"wp-page\" data-elementor-id=\"355\" class=\"elementor elementor-355\">\n\t\t\t\t<div class=\"elementor-element elementor-element-31b63e1 e-flex e-con-boxed e-con e-parent\" data-id=\"31b63e1\" data-element_type=\"container\" data-e-type=\"container\" data-settings=\"{&quot;background_background&quot;:&quot;classic&quot;}\">\n\t\t\t\t\t<div class=\"e-con-inner\">\n\t\t\t\t<div class=\"elementor-element elementor-element-8cf091f elementor-widget__width-initial elementor-widget elementor-widget-heading\" data-id=\"8cf091f\" data-element_type=\"widget\" data-e-type=\"widget\" data-widget_type=\"heading.default\">\n\t\t\t\t\t<h1 class=\"elementor-heading-title elementor-size-default\">Bibliothek<\/h1>\t\t\t\t<\/div>\n\t\t\t\t<div class=\"elementor-element elementor-element-6d9fc31 elementor-widget__width-initial elementor-widget elementor-widget-text-editor\" data-id=\"6d9fc31\" data-element_type=\"widget\" data-e-type=\"widget\" data-widget_type=\"text-editor.default\">\n\t\t\t\t\t\t\t\t\t<p>Versand per Post oder Mondial Relay m\u00f6glich.<\/p><p>Geltende Tarife.<\/p>\t\t\t\t\t\t\t\t<\/div>\n\t\t\t\t\t<\/div>\n\t\t\t\t<\/div>\n\t\t<div class=\"elementor-element elementor-element-2638f2b e-flex e-con-boxed e-con e-parent\" data-id=\"2638f2b\" data-element_type=\"container\" data-e-type=\"container\" data-settings=\"{&quot;background_background&quot;:&quot;classic&quot;}\">\n\t\t\t\t\t<div class=\"e-con-inner\">\n\t\t<div class=\"elementor-element elementor-element-7f1055a e-con-full e-flex e-con e-child\" data-id=\"7f1055a\" data-element_type=\"container\" data-e-type=\"container\">\n\t\t<div class=\"elementor-element elementor-element-fd2160c e-flex e-con-boxed e-con e-child\" data-id=\"fd2160c\" data-element_type=\"container\" data-e-type=\"container\" data-settings=\"{&quot;background_background&quot;:&quot;classic&quot;}\">\n\t\t\t\t\t<div class=\"e-con-inner\">\n\t\t\t\t<div class=\"elementor-element elementor-element-93b3031 elementor-widget elementor-widget-heading\" data-id=\"93b3031\" data-element_type=\"widget\" data-e-type=\"widget\" data-widget_type=\"heading.default\">\n\t\t\t\t\t<h2 class=\"elementor-heading-title elementor-size-default\">Tancr\u00e9mont h\u00e4lt weiter<\/h2>\t\t\t\t<\/div>\n\t\t\t\t<div class=\"elementor-element elementor-element-0e67a68 elementor-widget elementor-widget-image\" data-id=\"0e67a68\" data-element_type=\"widget\" data-e-type=\"widget\" data-widget_type=\"image.default\">\n\t\t\t\t\t\t\t\t\t\t\t\t\t\t\t<img fetchpriority=\"high\" decoding=\"async\" width=\"735\" height=\"1024\" src=\"https:\/\/fort-de-tancremont.be\/wp-content\/uploads\/2025\/12\/gillis-816x1137-1-735x1024.jpg\" class=\"attachment-large size-large wp-image-314\" alt=\"\" srcset=\"https:\/\/fort-de-tancremont.be\/wp-content\/uploads\/2025\/12\/gillis-816x1137-1-735x1024.jpg 735w, https:\/\/fort-de-tancremont.be\/wp-content\/uploads\/2025\/12\/gillis-816x1137-1-215x300.jpg 215w, https:\/\/fort-de-tancremont.be\/wp-content\/uploads\/2025\/12\/gillis-816x1137-1-768x1070.jpg 768w, https:\/\/fort-de-tancremont.be\/wp-content\/uploads\/2025\/12\/gillis-816x1137-1.jpg 816w\" sizes=\"(max-width: 735px) 100vw, 735px\" \/>\t\t\t\t\t\t\t\t\t\t\t\t\t\t\t<\/div>\n\t\t\t\t<div class=\"elementor-element elementor-element-badcc37 elementor-widget elementor-widget-text-editor\" data-id=\"badcc37\" data-element_type=\"widget\" data-e-type=\"widget\" data-widget_type=\"text-editor.default\">\n\t\t\t\t\t\t\t\t\t<p>Das Buch, geschrieben von Ren\u00e9 GILLIS, dem \u00c4ltesten des Forts, beschreibt die Ereignisse der 19 Tage des Widerstands. (Franz\u00f6sisch, Niederl\u00e4ndisch, Deutsch)<\/p>\t\t\t\t\t\t\t\t<\/div>\n\t\t\t\t<div class=\"elementor-element elementor-element-10956d5 elementor-widget elementor-widget-text-editor\" data-id=\"10956d5\" data-element_type=\"widget\" data-e-type=\"widget\" data-widget_type=\"text-editor.default\">\n\t\t\t\t\t\t\t\t\t<p><strong><span style=\"text-decoration: underline;\">Tarif<\/span> : 12 \u20ac<\/strong><\/p>\t\t\t\t\t\t\t\t<\/div>\n\t\t\t\t\t<\/div>\n\t\t\t\t<\/div>\n\t\t\t\t<\/div>\n\t\t<div class=\"elementor-element elementor-element-4e2a950 e-con-full e-flex e-con e-child\" data-id=\"4e2a950\" data-element_type=\"container\" data-e-type=\"container\">\n\t\t<div class=\"elementor-element elementor-element-41e581b e-flex e-con-boxed e-con e-child\" data-id=\"41e581b\" data-element_type=\"container\" data-e-type=\"container\" data-settings=\"{&quot;background_background&quot;:&quot;classic&quot;}\">\n\t\t\t\t\t<div class=\"e-con-inner\">\n\t\t\t\t<div class=\"elementor-element elementor-element-76a4c64 elementor-widget elementor-widget-heading\" data-id=\"76a4c64\" data-element_type=\"widget\" data-e-type=\"widget\" data-widget_type=\"heading.default\">\n\t\t\t\t\t<h2 class=\"elementor-heading-title elementor-size-default\">Der Unterschlupf \"Vesdre\"<\/h2>\t\t\t\t<\/div>\n\t\t\t\t<div class=\"elementor-element elementor-element-5eb6e52 elementor-widget elementor-widget-image\" data-id=\"5eb6e52\" data-element_type=\"widget\" data-e-type=\"widget\" data-widget_type=\"image.default\">\n\t\t\t\t\t\t\t\t\t\t\t\t\t\t\t<img decoding=\"async\" width=\"416\" height=\"581\" src=\"https:\/\/fort-de-tancremont.be\/wp-content\/uploads\/2025\/12\/shop-vesdre-416x581-1.jpg\" class=\"attachment-large size-large wp-image-331\" alt=\"\" srcset=\"https:\/\/fort-de-tancremont.be\/wp-content\/uploads\/2025\/12\/shop-vesdre-416x581-1.jpg 416w, https:\/\/fort-de-tancremont.be\/wp-content\/uploads\/2025\/12\/shop-vesdre-416x581-1-215x300.jpg 215w\" sizes=\"(max-width: 416px) 100vw, 416px\" \/>\t\t\t\t\t\t\t\t\t\t\t\t\t\t\t<\/div>\n\t\t\t\t<div class=\"elementor-element elementor-element-5c84f84 elementor-widget elementor-widget-text-editor\" data-id=\"5c84f84\" data-element_type=\"widget\" data-e-type=\"widget\" data-widget_type=\"text-editor.default\">\n\t\t\t\t\t\t\t\t\t<p>Die besondere Geschichte der Kasemate \u201eVesdre\u201c, geschrieben von einem \u00c4ltesten des Forts: Andr\u00e9 ALEXANDRE. (Franz\u00f6sisch).<\/p>\t\t\t\t\t\t\t\t<\/div>\n\t\t\t\t<div class=\"elementor-element elementor-element-0c7d456 elementor-widget elementor-widget-text-editor\" data-id=\"0c7d456\" data-element_type=\"widget\" data-e-type=\"widget\" data-widget_type=\"text-editor.default\">\n\t\t\t\t\t\t\t\t\t<p><strong><span style=\"text-decoration: underline;\">Tarif<\/span> : 8 \u20ac<\/strong><\/p>\t\t\t\t\t\t\t\t<\/div>\n\t\t\t\t\t<\/div>\n\t\t\t\t<\/div>\n\t\t\t\t<\/div>\n\t\t<div class=\"elementor-element elementor-element-9612732 e-con-full e-flex e-con e-child\" data-id=\"9612732\" data-element_type=\"container\" data-e-type=\"container\">\n\t\t<div class=\"elementor-element elementor-element-178bcb5 e-flex e-con-boxed e-con e-child\" data-id=\"178bcb5\" data-element_type=\"container\" data-e-type=\"container\" data-settings=\"{&quot;background_background&quot;:&quot;classic&quot;}\">\n\t\t\t\t\t<div class=\"e-con-inner\">\n\t\t\t\t<div class=\"elementor-element elementor-element-0dd3b8f elementor-widget elementor-widget-heading\" data-id=\"0dd3b8f\" data-element_type=\"widget\" data-e-type=\"widget\" data-widget_type=\"heading.default\">\n\t\t\t\t\t<h2 class=\"elementor-heading-title elementor-size-default\">Tagebuch der Gefangenschaft...<\/h2>\t\t\t\t<\/div>\n\t\t\t\t<div class=\"elementor-element elementor-element-6e5e255 elementor-widget elementor-widget-image\" data-id=\"6e5e255\" data-element_type=\"widget\" data-e-type=\"widget\" data-widget_type=\"image.default\">\n\t\t\t\t\t\t\t\t\t\t\t\t\t\t\t<img decoding=\"async\" width=\"416\" height=\"595\" src=\"https:\/\/fort-de-tancremont.be\/wp-content\/uploads\/2025\/12\/shop-simonis-416x595-1.jpg\" class=\"attachment-large size-large wp-image-330\" alt=\"\" srcset=\"https:\/\/fort-de-tancremont.be\/wp-content\/uploads\/2025\/12\/shop-simonis-416x595-1.jpg 416w, https:\/\/fort-de-tancremont.be\/wp-content\/uploads\/2025\/12\/shop-simonis-416x595-1-210x300.jpg 210w\" sizes=\"(max-width: 416px) 100vw, 416px\" \/>\t\t\t\t\t\t\t\t\t\t\t\t\t\t\t<\/div>\n\t\t\t\t<div class=\"elementor-element elementor-element-bfff4d6 elementor-widget elementor-widget-text-editor\" data-id=\"bfff4d6\" data-element_type=\"widget\" data-e-type=\"widget\" data-widget_type=\"text-editor.default\">\n\t\t\t\t\t\t\t\t\t<p>einem Milizion\u00e4r des Forts Tancr\u00e9mont: Marcel SIMONIS erz\u00e4hlt uns von seiner Reise vom 11. Mai, dem Tag, an dem er das Fort verlie\u00df, bis zu seiner Gefangennahme, sowie von seiner f\u00fcnfj\u00e4hrigen Gefangenschaft. (Franz\u00f6sisch)<\/p>\t\t\t\t\t\t\t\t<\/div>\n\t\t\t\t<div class=\"elementor-element elementor-element-bc3470e elementor-widget elementor-widget-text-editor\" data-id=\"bc3470e\" data-element_type=\"widget\" data-e-type=\"widget\" data-widget_type=\"text-editor.default\">\n\t\t\t\t\t\t\t\t\t<p><strong><span style=\"text-decoration: underline;\">Tarif<\/span> : 8 \u20ac<\/strong><\/p>\t\t\t\t\t\t\t\t<\/div>\n\t\t\t\t\t<\/div>\n\t\t\t\t<\/div>\n\t\t\t\t<\/div>\n\t\t\t\t\t<\/div>\n\t\t\t\t<\/div>\n\t\t<div class=\"elementor-element elementor-element-8d43250 e-flex e-con-boxed e-con e-parent\" data-id=\"8d43250\" data-element_type=\"container\" data-e-type=\"container\" data-settings=\"{&quot;background_background&quot;:&quot;classic&quot;}\">\n\t\t\t\t\t<div class=\"e-con-inner\">\n\t\t<div class=\"elementor-element elementor-element-3632164 e-con-full e-flex e-con e-child\" data-id=\"3632164\" data-element_type=\"container\" data-e-type=\"container\">\n\t\t<div class=\"elementor-element elementor-element-21a3ee7 e-flex e-con-boxed e-con e-child\" data-id=\"21a3ee7\" data-element_type=\"container\" data-e-type=\"container\" data-settings=\"{&quot;background_background&quot;:&quot;classic&quot;}\">\n\t\t\t\t\t<div class=\"e-con-inner\">\n\t\t\t\t<div class=\"elementor-element elementor-element-078e977 elementor-widget elementor-widget-heading\" data-id=\"078e977\" data-element_type=\"widget\" data-e-type=\"widget\" data-widget_type=\"heading.default\">\n\t\t\t\t\t<h2 class=\"elementor-heading-title elementor-size-default\">Die Bewaffnung der belgischen Armee 1940<\/h2>\t\t\t\t<\/div>\n\t\t\t\t<div class=\"elementor-element elementor-element-ac3c3fe elementor-widget elementor-widget-image\" data-id=\"ac3c3fe\" data-element_type=\"widget\" data-e-type=\"widget\" data-widget_type=\"image.default\">\n\t\t\t\t\t\t\t\t\t\t\t\t\t\t\t<img loading=\"lazy\" decoding=\"async\" width=\"630\" height=\"910\" src=\"https:\/\/fort-de-tancremont.be\/wp-content\/uploads\/2025\/12\/img-2972-712x943-1.jpeg\" class=\"attachment-large size-large wp-image-318\" alt=\"\" srcset=\"https:\/\/fort-de-tancremont.be\/wp-content\/uploads\/2025\/12\/img-2972-712x943-1.jpeg 630w, https:\/\/fort-de-tancremont.be\/wp-content\/uploads\/2025\/12\/img-2972-712x943-1-208x300.jpeg 208w\" sizes=\"(max-width: 630px) 100vw, 630px\" \/>\t\t\t\t\t\t\t\t\t\t\t\t\t\t\t<\/div>\n\t\t\t\t<div class=\"elementor-element elementor-element-e066d9e elementor-widget elementor-widget-text-editor\" data-id=\"e066d9e\" data-element_type=\"widget\" data-e-type=\"widget\" data-widget_type=\"text-editor.default\">\n\t\t\t\t\t\t\t\t\t<p>Ein Buch \u00fcber individuelle Bewaffnung von Eric SIMON und Franck VERNIER<br \/>(Franz\u00f6sisch) ***Rest 5 Exemplare***<\/p>\t\t\t\t\t\t\t\t<\/div>\n\t\t\t\t<div class=\"elementor-element elementor-element-43b8605 elementor-widget elementor-widget-text-editor\" data-id=\"43b8605\" data-element_type=\"widget\" data-e-type=\"widget\" data-widget_type=\"text-editor.default\">\n\t\t\t\t\t\t\t\t\t<p><strong><span style=\"text-decoration: underline;\">Tarif<\/span> : 35 \u20ac<\/strong><\/p>\t\t\t\t\t\t\t\t<\/div>\n\t\t\t\t\t<\/div>\n\t\t\t\t<\/div>\n\t\t\t\t<\/div>\n\t\t<div class=\"elementor-element elementor-element-5c124d4 e-con-full e-flex e-con e-child\" data-id=\"5c124d4\" data-element_type=\"container\" data-e-type=\"container\">\n\t\t<div class=\"elementor-element elementor-element-2289353 e-flex e-con-boxed e-con e-child\" data-id=\"2289353\" data-element_type=\"container\" data-e-type=\"container\" data-settings=\"{&quot;background_background&quot;:&quot;classic&quot;}\">\n\t\t\t\t\t<div class=\"e-con-inner\">\n\t\t\t\t<div class=\"elementor-element elementor-element-2aac830 elementor-widget elementor-widget-heading\" data-id=\"2aac830\" data-element_type=\"widget\" data-e-type=\"widget\" data-widget_type=\"heading.default\">\n\t\t\t\t\t<h2 class=\"elementor-heading-title elementor-size-default\">Kohlezeichnung der Kuppel II<\/h2>\t\t\t\t<\/div>\n\t\t\t\t<div class=\"elementor-element elementor-element-63f721b elementor-widget elementor-widget-image\" data-id=\"63f721b\" data-element_type=\"widget\" data-e-type=\"widget\" data-widget_type=\"image.default\">\n\t\t\t\t\t\t\t\t\t\t\t\t\t\t\t<img loading=\"lazy\" decoding=\"async\" width=\"279\" height=\"271\" src=\"https:\/\/fort-de-tancremont.be\/wp-content\/uploads\/2025\/12\/shop-dessin-au-fusin-363x273-2.jpg\" class=\"attachment-large size-large wp-image-470\" alt=\"\" \/>\t\t\t\t\t\t\t\t\t\t\t\t\t\t\t<\/div>\n\t\t\t\t<div class=\"elementor-element elementor-element-9caee32 elementor-widget elementor-widget-text-editor\" data-id=\"9caee32\" data-element_type=\"widget\" data-e-type=\"widget\" data-widget_type=\"text-editor.default\">\n\t\t\t\t\t\t\t\t\t<p>Zeichnung, die den \u00c4ltesten anl\u00e4sslich des 50-j\u00e4hrigen Bestehens des Forts geschenkt wurde, Format A3. ***Noch 7 Originalexemplare***<\/p>\t\t\t\t\t\t\t\t<\/div>\n\t\t\t\t<div class=\"elementor-element elementor-element-176adf9 elementor-widget elementor-widget-text-editor\" data-id=\"176adf9\" data-element_type=\"widget\" data-e-type=\"widget\" data-widget_type=\"text-editor.default\">\n\t\t\t\t\t\t\t\t\t<p><strong><span style=\"text-decoration: underline;\">Tarif<\/span> : 1 \u20ac<\/strong><\/p>\t\t\t\t\t\t\t\t<\/div>\n\t\t\t\t\t<\/div>\n\t\t\t\t<\/div>\n\t\t\t\t<\/div>\n\t\t<div class=\"elementor-element elementor-element-3223494 e-con-full e-flex e-con e-child\" data-id=\"3223494\" data-element_type=\"container\" data-e-type=\"container\">\n\t\t<div class=\"elementor-element elementor-element-e7f5c81 e-flex e-con-boxed e-con e-child\" data-id=\"e7f5c81\" data-element_type=\"container\" data-e-type=\"container\" data-settings=\"{&quot;background_background&quot;:&quot;classic&quot;}\">\n\t\t\t\t\t<div class=\"e-con-inner\">\n\t\t\t\t<div class=\"elementor-element elementor-element-006a9fa elementor-widget elementor-widget-heading\" data-id=\"006a9fa\" data-element_type=\"widget\" data-e-type=\"widget\" data-widget_type=\"heading.default\">\n\t\t\t\t\t<h2 class=\"elementor-heading-title elementor-size-default\">Ein Geburtstag, eine Freude...<\/h2>\t\t\t\t<\/div>\n\t\t\t\t<div class=\"elementor-element elementor-element-0a71aa9 elementor-widget elementor-widget-image\" data-id=\"0a71aa9\" data-element_type=\"widget\" data-e-type=\"widget\" data-widget_type=\"image.default\">\n\t\t\t\t\t\t\t\t\t\t\t\t\t\t\t<img loading=\"lazy\" decoding=\"async\" width=\"712\" height=\"530\" src=\"https:\/\/fort-de-tancremont.be\/wp-content\/uploads\/2025\/12\/capture-decran-2024-01-24-a-10.48.49-712x530-1.png\" class=\"attachment-large size-large wp-image-305\" alt=\"\" srcset=\"https:\/\/fort-de-tancremont.be\/wp-content\/uploads\/2025\/12\/capture-decran-2024-01-24-a-10.48.49-712x530-1.png 712w, https:\/\/fort-de-tancremont.be\/wp-content\/uploads\/2025\/12\/capture-decran-2024-01-24-a-10.48.49-712x530-1-300x223.png 300w\" sizes=\"(max-width: 712px) 100vw, 712px\" \/>\t\t\t\t\t\t\t\t\t\t\t\t\t\t\t<\/div>\n\t\t\t\t<div class=\"elementor-element elementor-element-1981878 elementor-widget elementor-widget-text-editor\" data-id=\"1981878\" data-element_type=\"widget\" data-e-type=\"widget\" data-widget_type=\"text-editor.default\">\n\t\t\t\t\t\t\t\t\t<p>Denken Sie an ein \"gutes Geschenk\"!<br \/>Kontaktieren Sie uns, wir stehen Ihnen jederzeit zur Verf\u00fcgung. G\u00fcltig an den \u00d6ffnungszeiten.<\/p>\t\t\t\t\t\t\t\t<\/div>\n\t\t\t\t\t<\/div>\n\t\t\t\t<\/div>\n\t\t\t\t<\/div>\n\t\t\t\t\t<\/div>\n\t\t\t\t<\/div>\n\t\t\t\t<\/div>","protected":false},"excerpt":{"rendered":"<p>Biblioth\u00e8que Envoi possible par La Poste ou par Mondial Relay. Tarifs en vigueur. Tancr\u00e9mont tient toujours Ecrit par Ren\u00e9 GILLIS, [&hellip;]<\/p>","protected":false},"author":2,"featured_media":0,"parent":0,"menu_order":0,"comment_status":"closed","ping_status":"closed","template":"","meta":{"site-sidebar-layout":"no-sidebar","site-content-layout":"","ast-site-content-layout":"full-width-container","site-content-style":"default","site-sidebar-style":"default","ast-global-header-display":"","ast-banner-title-visibility":"","ast-main-header-display":"","ast-hfb-above-header-display":"","ast-hfb-below-header-display":"","ast-hfb-mobile-header-display":"","site-post-title":"disabled","ast-breadcrumbs-content":"","ast-featured-img":"disabled","footer-sml-layout":"","ast-disable-related-posts":"","theme-transparent-header-meta":"","adv-header-id-meta":"","stick-header-meta":"","header-above-stick-meta":"","header-main-stick-meta":"","header-below-stick-meta":"","astra-migrate-meta-layouts":"default","ast-page-background-enabled":"default","ast-page-background-meta":{"desktop":{"background-color":"var(--ast-global-color-5)","background-image":"","background-repeat":"repeat","background-position":"center center","background-size":"auto","background-attachment":"scroll","background-type":"","background-media":"","overlay-type":"","overlay-color":"","overlay-opacity":"","overlay-gradient":""},"tablet":{"background-color":"","background-image":"","background-repeat":"repeat","background-position":"center center","background-size":"auto","background-attachment":"scroll","background-type":"","background-media":"","overlay-type":"","overlay-color":"","overlay-opacity":"","overlay-gradient":""},"mobile":{"background-color":"","background-image":"","background-repeat":"repeat","background-position":"center center","background-size":"auto","background-attachment":"scroll","background-type":"","background-media":"","overlay-type":"","overlay-color":"","overlay-opacity":"","overlay-gradient":""}},"ast-content-background-meta":{"desktop":{"background-color":"var(--ast-global-color-4)","background-image":"","background-repeat":"repeat","background-position":"center center","background-size":"auto","background-attachment":"scroll","background-type":"","background-media":"","overlay-type":"","overlay-color":"","overlay-opacity":"","overlay-gradient":""},"tablet":{"background-color":"var(--ast-global-color-4)","background-image":"","background-repeat":"repeat","background-position":"center center","background-size":"auto","background-attachment":"scroll","background-type":"","background-media":"","overlay-type":"","overlay-color":"","overlay-opacity":"","overlay-gradient":""},"mobile":{"background-color":"var(--ast-global-color-4)","background-image":"","background-repeat":"repeat","background-position":"center center","background-size":"auto","background-attachment":"scroll","background-type":"","background-media":"","overlay-type":"","overlay-color":"","overlay-opacity":"","overlay-gradient":""}},"footnotes":""},"class_list":["post-355","page","type-page","status-publish","hentry"],"_links":{"self":[{"href":"https:\/\/fort-de-tancremont.be\/de\/wp-json\/wp\/v2\/pages\/355","targetHints":{"allow":["GET"]}}],"collection":[{"href":"https:\/\/fort-de-tancremont.be\/de\/wp-json\/wp\/v2\/pages"}],"about":[{"href":"https:\/\/fort-de-tancremont.be\/de\/wp-json\/wp\/v2\/types\/page"}],"author":[{"embeddable":true,"href":"https:\/\/fort-de-tancremont.be\/de\/wp-json\/wp\/v2\/users\/2"}],"replies":[{"embeddable":true,"href":"https:\/\/fort-de-tancremont.be\/de\/wp-json\/wp\/v2\/comments?post=355"}],"version-history":[{"count":82,"href":"https:\/\/fort-de-tancremont.be\/de\/wp-json\/wp\/v2\/pages\/355\/revisions"}],"predecessor-version":[{"id":1511,"href":"https:\/\/fort-de-tancremont.be\/de\/wp-json\/wp\/v2\/pages\/355\/revisions\/1511"}],"wp:attachment":[{"href":"https:\/\/fort-de-tancremont.be\/de\/wp-json\/wp\/v2\/media?parent=355"}],"curies":[{"name":"wp","href":"https:\/\/api.w.org\/{rel}","templated":true}]}}